{"id":5255,"date":"2024-10-22T13:15:01","date_gmt":"2024-10-22T11:15:01","guid":{"rendered":"https:\/\/www.aindeep.com\/?page_id=5255"},"modified":"2025-09-16T12:13:12","modified_gmt":"2025-09-16T10:13:12","slug":"iot","status":"publish","type":"page","link":"https:\/\/www.aindeep.com\/es\/iot\/","title":{"rendered":"IoT"},"content":{"rendered":"\t\t<div data-elementor-type=\"wp-page\" data-elementor-id=\"5255\" class=\"elementor elementor-5255\">\n\t\t\t\t\t\t<section class=\"elementor-section elementor-top-section elementor-element elementor-element-fe7295d elementor-section-boxed elementor-section-height-default elementor-section-height-default\" data-id=\"fe7295d\" data-element_type=\"section\" data-e-type=\"section\" data-settings=\"{&quot;background_background&quot;:&quot;classic&quot;}\">\n\t\t\t\t\t\t<div class=\"elementor-container elementor-column-gap-default\">\n\t\t\t\t\t<div class=\"elementor-column elementor-col-100 elementor-top-column elementor-element elementor-element-0078174\" data-id=\"0078174\" data-element_type=\"column\" data-e-type=\"column\">\n\t\t\t<div class=\"elementor-widget-wrap elementor-element-populated\">\n\t\t\t\t\t\t<div class=\"elementor-element elementor-element-64b9411 elementor-absolute elementor-widget elementor-widget-heading\" data-id=\"64b9411\" data-element_type=\"widget\" data-e-type=\"widget\" data-settings=\"{&quot;_position&quot;:&quot;absolute&quot;}\" data-widget_type=\"heading.default\">\n\t\t\t\t<div class=\"elementor-widget-container\">\n\t\t\t\t\t<h2 class=\"elementor-heading-title elementor-size-default\">IoT<\/h2>\t\t\t\t<\/div>\n\t\t\t\t<\/div>\n\t\t\t\t<div class=\"elementor-element elementor-element-51f3e70 elementor-absolute elementor-widget elementor-widget-text-editor\" data-id=\"51f3e70\" data-element_type=\"widget\" data-e-type=\"widget\" data-settings=\"{&quot;_position&quot;:&quot;absolute&quot;}\" data-widget_type=\"text-editor.default\">\n\t\t\t\t<div class=\"elementor-widget-container\">\n\t\t\t\t\t\t\t\t\t<p>Proporcionamos soluciones IoT para optimizar procesos<\/p>\t\t\t\t\t\t\t\t<\/div>\n\t\t\t\t<\/div>\n\t\t\t\t<div class=\"elementor-element elementor-element-f1480ad elementor-absolute elementor-widget elementor-widget-button\" data-id=\"f1480ad\" data-element_type=\"widget\" data-e-type=\"widget\" data-settings=\"{&quot;_position&quot;:&quot;absolute&quot;}\" data-widget_type=\"button.default\">\n\t\t\t\t<div class=\"elementor-widget-container\">\n\t\t\t\t\t\t\t\t\t<div class=\"elementor-button-wrapper\">\n\t\t\t\t\t<a class=\"elementor-button elementor-button-link elementor-size-sm\" href=\"http:\/\/aindeep.com\/contacto\">\n\t\t\t\t\t\t<span class=\"elementor-button-content-wrapper\">\n\t\t\t\t\t\t\t\t\t<span class=\"elementor-button-text\">CONTACTANOS<\/span>\n\t\t\t\t\t<\/span>\n\t\t\t\t\t<\/a>\n\t\t\t\t<\/div>\n\t\t\t\t\t\t\t\t<\/div>\n\t\t\t\t<\/div>\n\t\t\t\t\t<\/div>\n\t\t<\/div>\n\t\t\t\t\t<\/div>\n\t\t<\/section>\n\t\t\t\t<section class=\"elementor-section elementor-top-section elementor-element elementor-element-6a04a5a elementor-section-boxed elementor-section-height-default elementor-section-height-default\" data-id=\"6a04a5a\" data-element_type=\"section\" data-e-type=\"section\">\n\t\t\t\t\t\t<div class=\"elementor-container elementor-column-gap-default\">\n\t\t\t\t\t<div class=\"elementor-column elementor-col-100 elementor-top-column elementor-element elementor-element-b762fe6\" data-id=\"b762fe6\" data-element_type=\"column\" data-e-type=\"column\">\n\t\t\t<div class=\"elementor-widget-wrap elementor-element-populated\">\n\t\t\t\t\t\t<div class=\"elementor-element elementor-element-bd3d660 elementor-widget elementor-widget-spacer\" data-id=\"bd3d660\" data-element_type=\"widget\" data-e-type=\"widget\" data-widget_type=\"spacer.default\">\n\t\t\t\t<div class=\"elementor-widget-container\">\n\t\t\t\t\t\t\t<div class=\"elementor-spacer\">\n\t\t\t<div class=\"elementor-spacer-inner\"><\/div>\n\t\t<\/div>\n\t\t\t\t\t\t<\/div>\n\t\t\t\t<\/div>\n\t\t\t\t\t<\/div>\n\t\t<\/div>\n\t\t\t\t\t<\/div>\n\t\t<\/section>\n\t\t\t\t<section class=\"elementor-section elementor-top-section elementor-element elementor-element-74a05b2 elementor-section-boxed elementor-section-height-default elementor-section-height-default\" data-id=\"74a05b2\" data-element_type=\"section\" data-e-type=\"section\">\n\t\t\t\t\t\t<div class=\"elementor-container elementor-column-gap-default\">\n\t\t\t\t\t<div class=\"elementor-column elementor-col-100 elementor-top-column elementor-element elementor-element-b6497b0\" data-id=\"b6497b0\" data-element_type=\"column\" data-e-type=\"column\">\n\t\t\t<div class=\"elementor-widget-wrap elementor-element-populated\">\n\t\t\t\t\t\t<div class=\"elementor-element elementor-element-494d407 elementor-widget elementor-widget-heading\" data-id=\"494d407\" data-element_type=\"widget\" data-e-type=\"widget\" data-widget_type=\"heading.default\">\n\t\t\t\t<div class=\"elementor-widget-container\">\n\t\t\t\t\t<h5 class=\"elementor-heading-title elementor-size-default\">Soluciones IoT integrales para industrias eficientes<\/h5>\t\t\t\t<\/div>\n\t\t\t\t<\/div>\n\t\t\t\t\t<\/div>\n\t\t<\/div>\n\t\t\t\t\t<\/div>\n\t\t<\/section>\n\t\t\t\t<section class=\"elementor-section elementor-top-section elementor-element elementor-element-68cce6e elementor-section-boxed elementor-section-height-default elementor-section-height-default\" data-id=\"68cce6e\" data-element_type=\"section\" data-e-type=\"section\">\n\t\t\t\t\t\t<div class=\"elementor-container elementor-column-gap-default\">\n\t\t\t\t\t<div class=\"elementor-column elementor-col-100 elementor-top-column elementor-element elementor-element-b2f9006\" data-id=\"b2f9006\" data-element_type=\"column\" data-e-type=\"column\">\n\t\t\t<div class=\"elementor-widget-wrap elementor-element-populated\">\n\t\t\t\t\t\t<div class=\"elementor-element elementor-element-b7537be elementor-widget elementor-widget-text-editor\" data-id=\"b7537be\" data-element_type=\"widget\" data-e-type=\"widget\" data-widget_type=\"text-editor.default\">\n\t\t\t\t<div class=\"elementor-widget-container\">\n\t\t\t\t\t\t\t\t\t<p><span data-contrast=\"auto\">En Aindeep, dise\u00f1amos y desarrollamos soluciones end-to-end para digitalizar industrias, para ello, integramos tecnolog\u00edas avanzadas, tanto de nuestros partners como propias, para ofrecer herramientas de alto impacto. Un ejemplo de ello es <a href=\"https:\/\/www.katoriji.tech\/\">KATORIJI\u00a0<\/a><\/span><span style=\"font-style: inherit; font-weight: var( --e-global-typography-text-font-weight ); background-color: rgba(0, 0, 0, 0); font-family: WordVisi_MSFontService, Aptos, Aptos_EmbeddedFont, Aptos_MSFontService, sans-serif; font-size: 16px; font-variant-ligatures: none; letter-spacing: normal; -webkit-text-fill-color: #000000; -webkit-text-stroke-color: #000000; caret-color: #000000; white-space-collapse: preserve;\">\u00ae<\/span><span style=\"font-style: inherit; font-weight: inherit; font-family: var( --e-global-typography-text-font-family ), Sans-serif; letter-spacing: 0.01em;\">\u00a0<em>powered by AIndeep<\/em>.<\/span><\/p><p><span data-contrast=\"auto\">Nos especializamos en la monitorizaci\u00f3n en tiempo real y en la automatizaci\u00f3n de tareas de mantenimiento, permitiendo a las empresas optimizar sus procesos y mejorar la eficiencia. Adem\u00e1s, gracias a la inteligencia artificial, potenciamos cada etapa del negocio, asegurando la calidad y continuidad de las operaciones.<\/span><span data-ccp-props=\"{}\">\u00a0<\/span><\/p>\t\t\t\t\t\t\t\t<\/div>\n\t\t\t\t<\/div>\n\t\t\t\t\t<\/div>\n\t\t<\/div>\n\t\t\t\t\t<\/div>\n\t\t<\/section>\n\t\t\t\t<section class=\"elementor-section elementor-top-section elementor-element elementor-element-3ef8b6e elementor-section-boxed elementor-section-height-default elementor-section-height-default\" data-id=\"3ef8b6e\" data-element_type=\"section\" data-e-type=\"section\" data-settings=\"{&quot;background_background&quot;:&quot;classic&quot;}\">\n\t\t\t\t\t\t<div class=\"elementor-container elementor-column-gap-default\">\n\t\t\t\t\t<div class=\"elementor-column elementor-col-50 elementor-top-column elementor-element elementor-element-ae8140b\" data-id=\"ae8140b\" data-element_type=\"column\" data-e-type=\"column\">\n\t\t\t<div class=\"elementor-widget-wrap elementor-element-populated\">\n\t\t\t\t\t\t<div class=\"elementor-element elementor-element-b49e9b4 elementor-widget elementor-widget-heading\" data-id=\"b49e9b4\" data-element_type=\"widget\" data-e-type=\"widget\" data-widget_type=\"heading.default\">\n\t\t\t\t<div class=\"elementor-widget-container\">\n\t\t\t\t\t<h6 class=\"elementor-heading-title elementor-size-default\">Cloud migration y su impacto en IoT<\/h6>\t\t\t\t<\/div>\n\t\t\t\t<\/div>\n\t\t\t\t<div class=\"elementor-element elementor-element-56c144d elementor-widget elementor-widget-text-editor\" data-id=\"56c144d\" data-element_type=\"widget\" data-e-type=\"widget\" data-widget_type=\"text-editor.default\">\n\t\t\t\t<div class=\"elementor-widget-container\">\n\t\t\t\t\t\t\t\t\t<p><span class=\"TextRun SCXW243538490 BCX0\" lang=\"ES-ES\" xml:lang=\"ES-ES\" data-contrast=\"auto\"><span class=\"NormalTextRun SCXW243538490 BCX0\">Proporcionamos soluciones <\/span><span class=\"NormalTextRun SpellingErrorV2Themed SCXW243538490 BCX0\">cloud-based<\/span><span class=\"NormalTextRun SCXW243538490 BCX0\"> para impulsar la transformaci\u00f3n digital de las organizaciones. Implementamos migraci\u00f3n a la nube con AWS, facilitando la adopci\u00f3n de tecnolog\u00edas clave como IoT, IA generativa y gemelos digitales. Estas herramientas permiten optimizar procesos, automatizar tareas y mejorar la eficiencia operativa<\/span><span class=\"NormalTextRun SCXW243538490 BCX0\">.<\/span><\/span><span class=\"EOP SCXW243538490 BCX0\" data-ccp-props=\"{}\">\u00a0<\/span><\/p>\t\t\t\t\t\t\t\t<\/div>\n\t\t\t\t<\/div>\n\t\t\t\t\t<\/div>\n\t\t<\/div>\n\t\t\t\t<div class=\"elementor-column elementor-col-50 elementor-top-column elementor-element elementor-element-a4a70aa\" data-id=\"a4a70aa\" data-element_type=\"column\" data-e-type=\"column\">\n\t\t\t<div class=\"elementor-widget-wrap elementor-element-populated\">\n\t\t\t\t\t\t<div class=\"elementor-element elementor-element-1e46d96 elementor-widget elementor-widget-image\" data-id=\"1e46d96\" data-element_type=\"widget\" data-e-type=\"widget\" data-widget_type=\"image.default\">\n\t\t\t\t<div class=\"elementor-widget-container\">\n\t\t\t\t\t\t\t\t\t\t\t\t\t\t\t<img decoding=\"async\" width=\"150\" height=\"150\" src=\"data:image\/gif;base64,R0lGODlhAQABAAAAACH5BAEKAAEALAAAAAABAAEAAAICTAEAOw==\" class=\"attachment-thumbnail size-thumbnail wp-image-6457 lazyload\" alt=\"\" sizes=\"(max-width: 150px) 100vw, 150px\" data-src=\"https:\/\/www.aindeep.com\/wp-content\/uploads\/2025\/02\/Cloud-Computing-150x150.jpg\" data-srcset=\"https:\/\/www.aindeep.com\/wp-content\/uploads\/2025\/02\/Cloud-Computing-150x150.jpg 150w, https:\/\/www.aindeep.com\/wp-content\/uploads\/2025\/02\/Cloud-Computing-600x600.jpg 600w\">\t\t\t\t\t\t\t\t\t\t\t\t\t\t\t<\/div>\n\t\t\t\t<\/div>\n\t\t\t\t\t<\/div>\n\t\t<\/div>\n\t\t\t\t\t<\/div>\n\t\t<\/section>\n\t\t\t\t<section class=\"elementor-section elementor-top-section elementor-element elementor-element-158e872 elementor-section-boxed elementor-section-height-default elementor-section-height-default\" data-id=\"158e872\" data-element_type=\"section\" data-e-type=\"section\" data-settings=\"{&quot;background_background&quot;:&quot;classic&quot;}\">\n\t\t\t\t\t\t<div class=\"elementor-container elementor-column-gap-default\">\n\t\t\t\t\t<div class=\"elementor-column elementor-col-50 elementor-top-column elementor-element elementor-element-14397e0\" data-id=\"14397e0\" data-element_type=\"column\" data-e-type=\"column\">\n\t\t\t<div class=\"elementor-widget-wrap elementor-element-populated\">\n\t\t\t\t\t\t<div class=\"elementor-element elementor-element-2ccb985 elementor-widget elementor-widget-heading\" data-id=\"2ccb985\" data-element_type=\"widget\" data-e-type=\"widget\" data-widget_type=\"heading.default\">\n\t\t\t\t<div class=\"elementor-widget-container\">\n\t\t\t\t\t<h6 class=\"elementor-heading-title elementor-size-default\">IoT revoluciona los negocios<\/h6>\t\t\t\t<\/div>\n\t\t\t\t<\/div>\n\t\t\t\t<div class=\"elementor-element elementor-element-515d9ed elementor-widget elementor-widget-text-editor\" data-id=\"515d9ed\" data-element_type=\"widget\" data-e-type=\"widget\" data-widget_type=\"text-editor.default\">\n\t\t\t\t<div class=\"elementor-widget-container\">\n\t\t\t\t\t\t\t\t\t<p><span class=\"TextRun SCXW124491315 BCX0\" lang=\"ES-ES\" xml:lang=\"ES-ES\" data-contrast=\"auto\"><span class=\"NormalTextRun SCXW124491315 BCX0\">La integraci\u00f3n de IoT con la nube permite a las organizaciones automatizar y optimizar procesos, aumentar la productividad e impulsar la innovaci\u00f3n. A trav\u00e9s de gemelos digitales, las empresas pueden realizar simulaciones en tiempo real<\/span><span class=\"NormalTextRun SCXW124491315 BCX0\">, lo que facilita la optimizaci\u00f3n de sus operaciones y la toma de decisiones estrat\u00e9gicas.<\/span><\/span><span class=\"EOP SCXW124491315 BCX0\" data-ccp-props=\"{}\">\u00a0<\/span><\/p>\t\t\t\t\t\t\t\t<\/div>\n\t\t\t\t<\/div>\n\t\t\t\t\t<\/div>\n\t\t<\/div>\n\t\t\t\t<div class=\"elementor-column elementor-col-50 elementor-top-column elementor-element elementor-element-c964db6\" data-id=\"c964db6\" data-element_type=\"column\" data-e-type=\"column\">\n\t\t\t<div class=\"elementor-widget-wrap elementor-element-populated\">\n\t\t\t\t\t\t<div class=\"elementor-element elementor-element-8ddb302 elementor-widget elementor-widget-image\" data-id=\"8ddb302\" data-element_type=\"widget\" data-e-type=\"widget\" data-widget_type=\"image.default\">\n\t\t\t\t<div class=\"elementor-widget-container\">\n\t\t\t\t\t\t\t\t\t\t\t\t\t\t\t<img decoding=\"async\" width=\"150\" height=\"150\" src=\"data:image\/gif;base64,R0lGODlhAQABAAAAACH5BAEKAAEALAAAAAABAAEAAAICTAEAOw==\" class=\"attachment-thumbnail size-thumbnail wp-image-6452 lazyload\" alt=\"\" sizes=\"(max-width: 150px) 100vw, 150px\" data-src=\"https:\/\/www.aindeep.com\/wp-content\/uploads\/2025\/02\/Iot-960x640-1-150x150.jpg\" data-srcset=\"https:\/\/www.aindeep.com\/wp-content\/uploads\/2025\/02\/Iot-960x640-1-150x150.jpg 150w, https:\/\/www.aindeep.com\/wp-content\/uploads\/2025\/02\/Iot-960x640-1-600x600.jpg 600w\">\t\t\t\t\t\t\t\t\t\t\t\t\t\t\t<\/div>\n\t\t\t\t<\/div>\n\t\t\t\t\t<\/div>\n\t\t<\/div>\n\t\t\t\t\t<\/div>\n\t\t<\/section>\n\t\t\t\t<section class=\"elementor-section elementor-top-section elementor-element elementor-element-ebd7885 elementor-section-boxed elementor-section-height-default elementor-section-height-default\" data-id=\"ebd7885\" data-element_type=\"section\" data-e-type=\"section\" data-settings=\"{&quot;background_background&quot;:&quot;classic&quot;}\">\n\t\t\t\t\t\t<div class=\"elementor-container elementor-column-gap-default\">\n\t\t\t\t\t<div class=\"elementor-column elementor-col-50 elementor-top-column elementor-element elementor-element-8330ca4\" data-id=\"8330ca4\" data-element_type=\"column\" data-e-type=\"column\">\n\t\t\t<div class=\"elementor-widget-wrap elementor-element-populated\">\n\t\t\t\t\t\t<div class=\"elementor-element elementor-element-9a95b5e elementor-widget elementor-widget-heading\" data-id=\"9a95b5e\" data-element_type=\"widget\" data-e-type=\"widget\" data-widget_type=\"heading.default\">\n\t\t\t\t<div class=\"elementor-widget-container\">\n\t\t\t\t\t<h6 class=\"elementor-heading-title elementor-size-default\">IoT y su integraci\u00f3n en la nube<\/h6>\t\t\t\t<\/div>\n\t\t\t\t<\/div>\n\t\t\t\t<div class=\"elementor-element elementor-element-f666fbd elementor-widget elementor-widget-text-editor\" data-id=\"f666fbd\" data-element_type=\"widget\" data-e-type=\"widget\" data-widget_type=\"text-editor.default\">\n\t\t\t\t<div class=\"elementor-widget-container\">\n\t\t\t\t\t\t\t\t\t<p><span class=\"TextRun SCXW247852151 BCX0\" lang=\"ES-ES\" xml:lang=\"ES-ES\" data-contrast=\"auto\"><span class=\"NormalTextRun SCXW247852151 BCX0\">En un entorno donde la eficiencia y la optimizaci\u00f3n son esenciales, IoT se convierte en una tecnolog\u00eda clave. En Aindeep, ofrecemos soluciones que integran IoT con la nube y la IA generativa<\/span><span class=\"NormalTextRun SCXW247852151 BCX0\">, permitiendo a las empresas mejorar sus procesos, optimizar recursos y potenciar su crecimiento a trav\u00e9s de decisiones basadas plenamente en datos.<\/span><\/span><span class=\"EOP SCXW247852151 BCX0\" data-ccp-props=\"{}\">\u00a0<\/span><\/p>\t\t\t\t\t\t\t\t<\/div>\n\t\t\t\t<\/div>\n\t\t\t\t\t<\/div>\n\t\t<\/div>\n\t\t\t\t<div class=\"elementor-column elementor-col-50 elementor-top-column elementor-element elementor-element-934373f\" data-id=\"934373f\" data-element_type=\"column\" data-e-type=\"column\">\n\t\t\t<div class=\"elementor-widget-wrap elementor-element-populated\">\n\t\t\t\t\t\t<div class=\"elementor-element elementor-element-4cccf25 elementor-widget elementor-widget-image\" data-id=\"4cccf25\" data-element_type=\"widget\" data-e-type=\"widget\" data-widget_type=\"image.default\">\n\t\t\t\t<div class=\"elementor-widget-container\">\n\t\t\t\t\t\t\t\t\t\t\t\t\t\t\t<img decoding=\"async\" width=\"150\" height=\"150\" src=\"data:image\/gif;base64,R0lGODlhAQABAAAAACH5BAEKAAEALAAAAAABAAEAAAICTAEAOw==\" class=\"attachment-thumbnail size-thumbnail wp-image-6451 lazyload\" alt=\"\" data-src=\"https:\/\/www.aindeep.com\/wp-content\/uploads\/2025\/02\/impacto-02-150x150.jpg\">\t\t\t\t\t\t\t\t\t\t\t\t\t\t\t<\/div>\n\t\t\t\t<\/div>\n\t\t\t\t\t<\/div>\n\t\t<\/div>\n\t\t\t\t\t<\/div>\n\t\t<\/section>\n\t\t\t\t<section class=\"elementor-section elementor-top-section elementor-element elementor-element-a07a172 elementor-section-boxed elementor-section-height-default elementor-section-height-default\" data-id=\"a07a172\" data-element_type=\"section\" data-e-type=\"section\" data-no-translation=\"\">\n\t\t\t\t\t\t<div class=\"elementor-container elementor-column-gap-default\">\n\t\t\t\t\t<div class=\"elementor-column elementor-col-100 elementor-top-column elementor-element elementor-element-2108ea8\" data-id=\"2108ea8\" data-element_type=\"column\" data-e-type=\"column\">\n\t\t\t<div class=\"elementor-widget-wrap elementor-element-populated\">\n\t\t\t\t\t\t<div class=\"elementor-element elementor-element-9c46444 elementor-widget elementor-widget-video\" data-id=\"9c46444\" data-element_type=\"widget\" data-e-type=\"widget\" data-settings=\"{&quot;youtube_url&quot;:&quot;https:\\\/\\\/www.youtube.com\\\/watch?v=4HKA3t1cliY&amp;list=LL&quot;,&quot;show_image_overlay&quot;:&quot;yes&quot;,&quot;image_overlay&quot;:{&quot;url&quot;:&quot;https:\\\/\\\/www.aindeep.com\\\/wp-content\\\/uploads\\\/2025\\\/04\\\/Portada-AIndeep-scaled.jpeg&quot;,&quot;id&quot;:7117,&quot;size&quot;:&quot;&quot;,&quot;alt&quot;:&quot;&quot;,&quot;source&quot;:&quot;library&quot;},&quot;video_type&quot;:&quot;youtube&quot;,&quot;controls&quot;:&quot;yes&quot;}\" data-no-translation=\"\" data-widget_type=\"video.default\">\n\t\t\t\t<div class=\"elementor-widget-container\">\n\t\t\t\t\t\t\t<div class=\"elementor-wrapper elementor-open-inline\">\n\t\t\t<div class=\"elementor-video\"><\/div>\t\t\t\t<div class=\"elementor-custom-embed-image-overlay lazyload\" style=\"background-image: url(https:\/\/www.aindeep.com\/wp-includes\/images\/blank.gif);\" data-background-image=\"https:\/\/www.aindeep.com\/wp-content\/uploads\/2025\/04\/Portada-AIndeep-scaled-e1760525543724.jpeg\">\n\t\t\t\t\t\t\t\t\t\t\t\t\t\t\t\t<div class=\"elementor-custom-embed-play\" role=\"button\" aria-label=\"Reproducir v\u00eddeo\" tabindex=\"0\">\n\t\t\t\t\t\t\t<i aria-hidden=\"true\" class=\"eicon-play\"><\/i>\t\t\t\t\t\t<\/div>\n\t\t\t\t\t\t\t\t\t<\/div>\n\t\t\t\t\t<\/div>\n\t\t\t\t\t\t<\/div>\n\t\t\t\t<\/div>\n\t\t\t\t\t<\/div>\n\t\t<\/div>\n\t\t\t\t\t<\/div>\n\t\t<\/section>\n\t\t\t\t<\/div>\n\t\t","protected":false},"excerpt":{"rendered":"<p>IoT Proporcionamos soluciones IoT para optimizar procesos CONTACTANOS Soluciones IoT integrales para industrias eficientes En Aindeep, dise\u00f1amos y desarrollamos soluciones end-to-end para digitalizar industrias, para ello, integramos tecnolog\u00edas avanzadas, tanto de nuestros partners como propias, para ofrecer herramientas de alto impacto. Un ejemplo de ello es KATORIJI\u00a0\u00ae\u00a0powered by AIndeep. Nos especializamos en la monitorizaci\u00f3n en tiempo real y en la automatizaci\u00f3n de tareas de mantenimiento, permitiendo a las empresas optimizar sus procesos y mejorar la [&hellip;]<\/p>\n","protected":false},"author":2,"featured_media":7042,"parent":0,"menu_order":0,"comment_status":"closed","ping_status":"closed","template":"page-templates\/pagebuilder.php","meta":{"zakra_page_container_layout":"customizer","zakra_page_sidebar_layout":"customizer","zakra_remove_content_margin":false,"zakra_sidebar":"customizer","zakra_transparent_header":"customizer","zakra_logo":0,"zakra_main_header_style":"default","zakra_menu_item_color":"","zakra_menu_item_hover_color":"","zakra_menu_item_active_color":"","zakra_menu_active_style":"","zakra_page_header":true,"footnotes":""},"class_list":["post-5255","page","type-page","status-publish","has-post-thumbnail","hentry"],"aioseo_notices":[],"_links":{"self":[{"href":"https:\/\/www.aindeep.com\/es\/wp-json\/wp\/v2\/pages\/5255","targetHints":{"allow":["GET"]}}],"collection":[{"href":"https:\/\/www.aindeep.com\/es\/wp-json\/wp\/v2\/pages"}],"about":[{"href":"https:\/\/www.aindeep.com\/es\/wp-json\/wp\/v2\/types\/page"}],"author":[{"embeddable":true,"href":"https:\/\/www.aindeep.com\/es\/wp-json\/wp\/v2\/users\/2"}],"replies":[{"embeddable":true,"href":"https:\/\/www.aindeep.com\/es\/wp-json\/wp\/v2\/comments?post=5255"}],"version-history":[{"count":145,"href":"https:\/\/www.aindeep.com\/es\/wp-json\/wp\/v2\/pages\/5255\/revisions"}],"predecessor-version":[{"id":8043,"href":"https:\/\/www.aindeep.com\/es\/wp-json\/wp\/v2\/pages\/5255\/revisions\/8043"}],"wp:featuredmedia":[{"embeddable":true,"href":"https:\/\/www.aindeep.com\/es\/wp-json\/wp\/v2\/media\/7042"}],"wp:attachment":[{"href":"https:\/\/www.aindeep.com\/es\/wp-json\/wp\/v2\/media?parent=5255"}],"curies":[{"name":"wp","href":"https:\/\/api.w.org\/{rel}","templated":true}]}}